{"id":53,"date":"2012-08-10T12:24:30","date_gmt":"2012-08-10T12:24:30","guid":{"rendered":"https:\/\/redracc.org\/?page_id=53"},"modified":"2013-05-24T14:31:01","modified_gmt":"2013-05-24T14:31:01","slug":"consejo-de-asesores-cientificos","status":"publish","type":"page","link":"https:\/\/redracc.org\/?page_id=53","title":{"rendered":"Consejo de Asesores cient\u00edficos"},"content":{"rendered":"<p><a href=\"http:\/\/centromariomolina.org\/acerca-de-nosotros\/quienes-somos\/\" target=\"_blank\"><img loading=\"lazy\" decoding=\"async\" class=\"alignleft size-full wp-image-323\" title=\"centro molina\" src=\"https:\/\/redracc.org\/wp-content\/uploads\/2012\/08\/centro-molina.jpg\" alt=\"\" width=\"150\" height=\"100\" \/><\/a><\/p>\n<p style=\"text-align: justify;\">El Centro Mario Molina para Estudios Estrat\u00e9gicos sobre Energ\u00eda y Medio Ambiente es una organizaci\u00f3n independiente sin fines de lucro. Fue constituido en el 2004, como asociaci\u00f3n civil, para dar continuidad y consolidar en M\u00e9xico las actividades que durante su vida el Dr. Mario Molina ha llevado a cabo, el estudio de los problemas del medio ambiente y la energ\u00eda, la prevenci\u00f3n y mitigaci\u00f3n del cambio clim\u00e1tico y el fomento del desarrollo sustentable.<\/p>\n<p style=\"text-align: justify;\"><span style=\"font-size: 13px; line-height: 19px;\">.<\/span><\/p>\n<p style=\"text-align: justify;\"><a href=\"http:\/\/www.eoearth.org\/profile\/Philip.fearnside\" target=\"_blank\"><img loading=\"lazy\" decoding=\"async\" class=\"alignleft size-full wp-image-354\" title=\"Philip M\" src=\"https:\/\/redracc.org\/wp-content\/uploads\/2012\/08\/Philip-M.jpg\" alt=\"\" width=\"150\" height=\"100\" \/><\/a><\/p>\n<p style=\"text-align: justify;\">Philip M. Fearnside is a Research Professor in the Department of Ecology at the National Institute for Research in the Amazon (INPA) in Manaus, Amazonas, Brazil. He is a permanent resident in Brazil where he has lived in Amazonia for over 30 years doing ecological research. He also has field experience in India, Indonesia and China. He completed his Ph.D. in 1978 in the Department of Ecology and Evolutionary Biology, Division of Biological Sciences, University of Michigan, Ann Arbor, Michigan, U.S.A. Fearnside&#8217;s research since 1974 has been directed at the estimation of human carrying capacity of tropical agro-ecosystems. His work since 1992 has been organized around the objective of converting the environmental services of Amazonian forests into a basis for sustainable development for the rural population of the region, taking the place of the current pattern of forest destruction. He has authored over 350 publications on these and related problems of environment and development. Honors include Brazil&#8217;s National Ecology Prize, the UN Global 500 award, the Conrad Wessel prize, the Chico Mendes prize and membership in the Brazilian Academy of Sciences. In 2006 he was identified by Thompson-ISI as the world\u2019s second most-cited scientist on the subject of global warming.<\/p>\n<p>Source<a href=\" http:\/\/www.eoearth.org\/profile\/Philip.fearnside\"> http:\/\/www.eoearth.org\/profile\/Philip.fearnside<\/a><\/p>\n<p>web page: <a href=\"http:\/\/philip.inpa.gov.br\/\">http:\/\/philip.inpa.gov.br\/<\/a><\/p>\n","protected":false},"excerpt":{"rendered":"<p>El Centro Mario Molina para Estudios Estrat\u00e9gicos sobre Energ\u00eda y Medio Ambiente es una organizaci\u00f3n independiente sin fines de lucro. Fue constituido en el 2004, como asociaci\u00f3n civil, para dar continuidad y consolidar en M\u00e9xico las actividades que durante su vida el Dr. Mario Molina ha llevado a cabo, el estudio de los problemas del medio ambiente y la energ\u00eda, la prevenci\u00f3n y mitigaci\u00f3n del cambio clim\u00e1tico y el fomento del desarrollo sustentable. . Philip M. Fearnside is a Research Professor in the Department of Ecology at the National Institute for Research in the Amazon (INPA) in Manaus, Amazonas, Brazil. He is a permanent resident in Brazil where he has lived in Amazonia for over 30 years doing ecological research. He also has field experience in India, Indonesia and China. He completed his Ph.D. in 1978 in the Department of Ecology and Evolutionary Biology, Division of Biological Sciences, University of Michigan, Ann Arbor, Michigan, U.S.A. Fearnside&#8217;s research since 1974 has been directed at the estimation of human carrying capacity of tropical agro-ecosystems. His work since 1992 has been organized around the objective of converting the environmental services of Amazonian forests into a basis for sustainable development for the rural population [&hellip;]<\/p>\n","protected":false},"author":1,"featured_media":0,"parent":0,"menu_order":0,"comment_status":"open","ping_status":"open","template":"","meta":{"footnotes":""},"class_list":["post-53","page","type-page","status-publish","hentry"],"_links":{"self":[{"href":"https:\/\/redracc.org\/index.php?rest_route=\/wp\/v2\/pages\/53","targetHints":{"allow":["GET"]}}],"collection":[{"href":"https:\/\/redracc.org\/index.php?rest_route=\/wp\/v2\/pages"}],"about":[{"href":"https:\/\/redracc.org\/index.php?rest_route=\/wp\/v2\/types\/page"}],"author":[{"embeddable":true,"href":"https:\/\/redracc.org\/index.php?rest_route=\/wp\/v2\/users\/1"}],"replies":[{"embeddable":true,"href":"https:\/\/redracc.org\/index.php?rest_route=%2Fwp%2Fv2%2Fcomments&post=53"}],"version-history":[{"count":14,"href":"https:\/\/redracc.org\/index.php?rest_route=\/wp\/v2\/pages\/53\/revisions"}],"predecessor-version":[{"id":742,"href":"https:\/\/redracc.org\/index.php?rest_route=\/wp\/v2\/pages\/53\/revisions\/742"}],"wp:attachment":[{"href":"https:\/\/redracc.org\/index.php?rest_route=%2Fwp%2Fv2%2Fmedia&parent=53"}],"curies":[{"name":"wp","href":"https:\/\/api.w.org\/{rel}","templated":true}]}}